{"id":62,"date":"2021-03-14T00:14:34","date_gmt":"2021-03-13T23:14:34","guid":{"rendered":"https:\/\/flamberg.pl\/sklep\/?post_type=product&#038;p=62"},"modified":"2026-02-02T21:35:29","modified_gmt":"2026-02-02T20:35:29","slug":"akredytacja-zwierzecia","status":"publish","type":"product","link":"https:\/\/flamberg.pl\/sklep\/produkt\/akredytacja-zwierzecia\/","title":{"rendered":"Akredytacja zwierz\u0119cia"},"content":{"rendered":"<p>Akredytacja zwierz\u0119cia upowa\u017cania do przybycia na teren konwentu ze zwierzakiem. Psem, kotem, tch\u00f3rzofretk\u0105, rekinem lub smokiem. Akredytacja jest darmowa, ale wymagana do sprowadzenia zwierz\u0119cia na konwent. Akredytacja zwierz\u0119cia mo\u017ce zosta\u0107 cofni\u0119ta przez Zarz\u0105d Fundacji Flamberg w uzasadnionych przypadkach, na podstawie zachowania zwierz\u0119cia. W rzadkich przypadkach akredytacja zwierz\u0119cia mo\u017ce zosta\u0107 cofni\u0119ta przez Zarz\u0105d Fundacji, bez podania przyczyny. Zwierze nie posiadaj\u0105ce akredytacji nie mo\u017ce przebywa\u0107 na terenie konwentu! Dotyczy to wszystkich jego stref: pola namiotowego, strefy rekreacyjno-gastronomicznej, strefy sanitarnej i terenu gry!<\/p>\n","protected":false},"excerpt":{"rendered":"<p>Akredytacja zwierz\u0119cia upowa\u017cania do przybycia na teren konwentu ze zwierzakiem. Psem, kotem, tch\u00f3rzofretk\u0105, rekinem lub smokiem. Akredytacja jest darmowa, ale wymagana do sprowadzenia zwierz\u0119cia na konwent. Akredytacja zwierz\u0119cia mo\u017ce zosta\u0107 cofni\u0119ta przez Zarz\u0105d Fundacji Flamberg w uzasadnionych przypadkach, na podstawie zachowania zwierz\u0119cia. W rzadkich przypadkach akredytacja zwierz\u0119cia mo\u017ce zosta\u0107 cofni\u0119ta przez Zarz\u0105d Fundacji, bez podania przyczyny. Zwierze nie posiadaj\u0105ce akredytacji nie mo\u017ce przebywa\u0107 na terenie konwentu! Dotyczy to wszystkich jego stref: pola namiotowego, strefy rekreacyjno-gastronomicznej, strefy sanitarnej i terenu gry!<\/p>\n","protected":false},"featured_media":2500,"template":"","meta":[],"product_brand":[],"product_cat":[30],"product_tag":[],"class_list":{"0":"post-62","1":"product","2":"type-product","3":"status-publish","4":"has-post-thumbnail","6":"product_cat-akredytacja","8":"first","9":"instock","10":"featured","11":"virtual","12":"sold-individually","13":"purchasable","14":"product-type-simple"},"_links":{"self":[{"href":"https:\/\/flamberg.pl\/sklep\/wp-json\/wp\/v2\/product\/62","targetHints":{"allow":["GET"]}}],"collection":[{"href":"https:\/\/flamberg.pl\/sklep\/wp-json\/wp\/v2\/product"}],"about":[{"href":"https:\/\/flamberg.pl\/sklep\/wp-json\/wp\/v2\/types\/product"}],"wp:featuredmedia":[{"embeddable":true,"href":"https:\/\/flamberg.pl\/sklep\/wp-json\/wp\/v2\/media\/2500"}],"wp:attachment":[{"href":"https:\/\/flamberg.pl\/sklep\/wp-json\/wp\/v2\/media?parent=62"}],"wp:term":[{"taxonomy":"product_brand","embeddable":true,"href":"https:\/\/flamberg.pl\/sklep\/wp-json\/wp\/v2\/product_brand?post=62"},{"taxonomy":"product_cat","embeddable":true,"href":"https:\/\/flamberg.pl\/sklep\/wp-json\/wp\/v2\/product_cat?post=62"},{"taxonomy":"product_tag","embeddable":true,"href":"https:\/\/flamberg.pl\/sklep\/wp-json\/wp\/v2\/product_tag?post=62"}],"curies":[{"name":"wp","href":"https:\/\/api.w.org\/{rel}","templated":true}]}}